{"id":4039,"date":"2023-02-24T15:35:20","date_gmt":"2023-02-24T12:35:20","guid":{"rendered":"https:\/\/baycarambalaj.com\/human-resources\/"},"modified":"2023-03-14T12:44:20","modified_gmt":"2023-03-14T09:44:20","slug":"human-resources","status":"publish","type":"page","link":"https:\/\/baycarambalaj.com\/en\/human-resources\/","title":{"rendered":"Human Resources"},"content":{"rendered":"<p><div class=\"fusion-fullwidth fullwidth-box fusion-builder-row-1 fusion-flex-container hundred-percent-fullwidth non-hundred-percent-height-scrolling\" style=\"--awb-border-radius-top-left:0px;--awb-border-radius-top-right:0px;--awb-border-radius-bottom-right:0px;--awb-border-radius-bottom-left:0px;--awb-padding-top:0px;--awb-padding-right:0px;--awb-padding-bottom:30px;--awb-padding-left:0px;--awb-padding-top-medium:40px;--awb-padding-right-medium:4%;--awb-padding-bottom-medium:48px;--awb-padding-left-medium:4%;--awb-padding-top-small:20px;--awb-padding-bottom-small:0px;--awb-margin-top:60px;--awb-margin-bottom:0px;--awb-margin-top-small:0px;--awb-margin-bottom-small:0px;--awb-flex-wrap:wrap;\" ><div class=\"fusion-builder-row fusion-row fusion-flex-align-items-center fusion-flex-justify-content-center fusion-flex-content-wrap\" style=\"width:104% !important;max-width:104% !important;margin-left: calc(-4% \/ 2 );margin-right: calc(-4% \/ 2 );\"><div class=\"fusion-layout-column fusion_builder_column fusion-builder-column-0 fusion_builder_column_1_2 1_2 fusion-flex-column fusion-flex-align-self-center\" style=\"--awb-bg-size:cover;--awb-width-large:50%;--awb-margin-top-large:0px;--awb-spacing-right-large:20px;--awb-margin-bottom-large:0px;--awb-spacing-left-large:345px;--awb-width-medium:50%;--awb-order-medium:0;--awb-spacing-right-medium:0px;--awb-spacing-left-medium:5.76%;--awb-width-small:100%;--awb-order-small:1;--awb-margin-top-small:0px;--awb-spacing-right-small:30px;--awb-margin-bottom-small:0px;--awb-spacing-left-small:30px;\"><div class=\"fusion-column-wrapper fusion-column-has-shadow fusion-flex-justify-content-center fusion-content-layout-column\"><div class=\"fusion-title title fusion-title-1 fusion-sep-none fusion-title-text fusion-title-size-one\" style=\"--awb-margin-top:0px;--awb-margin-bottom:10px;--awb-margin-bottom-small:0px;\"><h1 class=\"fusion-title-heading title-heading-left sm-text-align-center fusion-responsive-typography-calculated\" style=\"margin:0;--fontSize:41;line-height:1.1;\">You can also join our team.<\/h1><\/div><div class=\"fusion-text fusion-text-1 sm-text-align-center fusion-text-no-margin\" style=\"--awb-content-alignment:left;--awb-margin-top:10px;--awb-margin-right:0px;--awb-margin-bottom:0px;--awb-margin-left:0px;\"><p>Baycar Ambalaj is a company that offers opportunities to its employees, rewards high performance and celebrates diversity in the workplace. Our human resources team strives to recruit, develop and retain qualified and talented employees.<\/p>\n<p>Baycar Ambalaj does not discriminate in the recruitment process in line with the principle of equal opportunity. During the recruitment process, candidates&#8217; work experience, abilities and education levels are taken into consideration. Baycar Ambalaj cares about the welfare of its employees. The health, safety and happiness of our employees form the basis of our company&#8217;s success. Therefore, we strive to improve the workplace environment and support our employees to balance their work and private lives.<\/p>\n<p>Baycar Ambalaj aims to make the success of our company sustainable by supporting its employees and helping them advance their careers.<\/p>\n<p>It is important in the recruitment process that you fill out the form below correctly and completely.<\/p>\n<p>Thank you for your attention.<\/p>\n<\/div><\/div><\/div><div class=\"fusion-layout-column fusion_builder_column fusion-builder-column-1 fusion_builder_column_1_2 1_2 fusion-flex-column fusion-flex-align-self-center\" style=\"--awb-bg-position:center top;--awb-bg-size:cover;--awb-width-large:50%;--awb-margin-top-large:0px;--awb-spacing-right-large:34.56%;--awb-margin-bottom-large:0px;--awb-spacing-left-large:3.84%;--awb-width-medium:50%;--awb-order-medium:0;--awb-spacing-right-medium:34.56%;--awb-spacing-left-medium:3.84%;--awb-width-small:100%;--awb-order-small:0;--awb-margin-top-small:10px;--awb-spacing-right-small:30px;--awb-margin-bottom-small:10px;--awb-spacing-left-small:30px;\"><div class=\"fusion-column-wrapper fusion-column-has-shadow fusion-flex-justify-content-center fusion-content-layout-column\"><div class=\"fusion-image-element \" style=\"--awb-caption-title-font-family:var(--h2_typography-font-family);--awb-caption-title-font-weight:var(--h2_typography-font-weight);--awb-caption-title-font-style:var(--h2_typography-font-style);--awb-caption-title-size:var(--h2_typography-font-size);--awb-caption-title-transform:var(--h2_typography-text-transform);--awb-caption-title-line-height:var(--h2_typography-line-height);--awb-caption-title-letter-spacing:var(--h2_typography-letter-spacing);\"><span class=\" fusion-imageframe imageframe-none imageframe-1 hover-type-none\"><img decoding=\"async\" width=\"680\" height=\"454\" title=\"excited-hispanic-employer-congratulating-new-employee\" src=\"https:\/\/baycarambalaj.com\/wp-content\/uploads\/2023\/02\/excited-hispanic-employer-congratulating-new-employee.png\" alt class=\"img-responsive wp-image-3914\" srcset=\"https:\/\/baycarambalaj.com\/wp-content\/uploads\/2023\/02\/excited-hispanic-employer-congratulating-new-employee-200x134.png 200w, https:\/\/baycarambalaj.com\/wp-content\/uploads\/2023\/02\/excited-hispanic-employer-congratulating-new-employee-400x267.png 400w, https:\/\/baycarambalaj.com\/wp-content\/uploads\/2023\/02\/excited-hispanic-employer-congratulating-new-employee-600x401.png 600w, https:\/\/baycarambalaj.com\/wp-content\/uploads\/2023\/02\/excited-hispanic-employer-congratulating-new-employee.png 680w\" sizes=\"(max-width: 640px) 100vw, 400px\" \/><\/span><\/div><\/div><\/div><\/div><\/div><div class=\"fusion-fullwidth fullwidth-box fusion-builder-row-2 fusion-flex-container hundred-percent-fullwidth non-hundred-percent-height-scrolling\" style=\"--awb-border-radius-top-left:0px;--awb-border-radius-top-right:0px;--awb-border-radius-bottom-right:0px;--awb-border-radius-bottom-left:0px;--awb-padding-top:0px;--awb-padding-right:0px;--awb-padding-bottom:60px;--awb-padding-left:0px;--awb-padding-top-medium:40px;--awb-padding-right-medium:4%;--awb-padding-bottom-medium:48px;--awb-padding-left-medium:4%;--awb-padding-top-small:20px;--awb-padding-bottom-small:0px;--awb-margin-top:0px;--awb-margin-bottom:0px;--awb-flex-wrap:wrap;\" ><div class=\"fusion-builder-row fusion-row fusion-flex-align-items-flex-start fusion-flex-content-wrap\" style=\"width:104% !important;max-width:104% !important;margin-left: calc(-4% \/ 2 );margin-right: calc(-4% \/ 2 );\"><div class=\"fusion-layout-column fusion_builder_column fusion-builder-column-2 fusion_builder_column_1_1 1_1 fusion-flex-column fusion-flex-align-self-center\" style=\"--awb-bg-position:center top;--awb-bg-size:cover;--awb-width-large:100%;--awb-margin-top-large:0px;--awb-spacing-right-large:0px;--awb-margin-bottom-large:0px;--awb-spacing-left-large:240px;--awb-width-medium:50%;--awb-order-medium:0;--awb-spacing-right-medium:0px;--awb-spacing-left-medium:240px;--awb-width-small:100%;--awb-order-small:0;--awb-margin-top-small:10px;--awb-spacing-right-small:30px;--awb-margin-bottom-small:10px;--awb-spacing-left-small:30px;\"><div class=\"fusion-column-wrapper fusion-column-has-shadow fusion-flex-justify-content-center fusion-content-layout-column\"><div class=\"fusion-form fusion-form-builder fusion-form-form-wrapper fusion-form-3097\" style=\"--awb-tooltip-text-color:#ffffff;--awb-tooltip-background-color:#333333;\" data-form-id=\"3097\" data-config=\"{&quot;form_id&quot;:3097,&quot;form_post_id&quot;:3097,&quot;post_id&quot;:4039,&quot;form_type&quot;:&quot;ajax&quot;,&quot;confirmation_type&quot;:&quot;message&quot;,&quot;redirect_url&quot;:&quot;&quot;,&quot;field_labels&quot;:{&quot;adiniz&quot;:&quot;Ad\\u0131n\\u0131z&quot;,&quot;soyadiniz&quot;:&quot;Soyad\\u0131n\\u0131z&quot;,&quot;medeni_durum&quot;:&quot;Medeni Durum&quot;,&quot;dogum_tarihi&quot;:&quot;Do\\u011fum Tarihi&quot;,&quot;e-mail_adresi&quot;:&quot;E-mail Adresi&quot;,&quot;telefon&quot;:&quot;Telefon&quot;,&quot;ev_adresi&quot;:&quot;Ev Adresi&quot;,&quot;egitim_durumu&quot;:&quot;E\\u011fitim Durumu&quot;,&quot;yabanci_dil&quot;:&quot;Yabanc\\u0131 Dil&quot;,&quot;askerlik_durumu&quot;:&quot;Askerlik Durumu&quot;,&quot;seyahat_engeliniz_var_mi&quot;:&quot;Seyahat engeliniz var m\\u0131?&quot;,&quot;sigara_kullaniyor_musunuz&quot;:&quot;Sigara kullan\\u0131yor musunuz?&quot;,&quot;adli_sicil_kaydiniz_var_mi&quot;:&quot;Adli sicil kayd\\u0131n\\u0131z var m\\u0131?&quot;},&quot;field_logics&quot;:{&quot;adiniz&quot;:&quot;[]&quot;,&quot;soyadiniz&quot;:&quot;&quot;,&quot;medeni_durum&quot;:&quot;&quot;,&quot;dogum_tarihi&quot;:&quot;&quot;,&quot;e-mail_adresi&quot;:&quot;&quot;,&quot;telefon&quot;:&quot;&quot;,&quot;ev_adresi&quot;:&quot;&quot;,&quot;egitim_durumu&quot;:&quot;&quot;,&quot;yabanci_dil&quot;:&quot;&quot;,&quot;askerlik_durumu&quot;:&quot;&quot;,&quot;seyahat_engeliniz_var_mi&quot;:&quot;&quot;,&quot;sigara_kullaniyor_musunuz&quot;:&quot;&quot;,&quot;adli_sicil_kaydiniz_var_mi&quot;:&quot;&quot;},&quot;field_types&quot;:{&quot;adiniz&quot;:&quot;text&quot;,&quot;soyadiniz&quot;:&quot;text&quot;,&quot;medeni_durum&quot;:&quot;select&quot;,&quot;dogum_tarihi&quot;:&quot;date&quot;,&quot;e-mail_adresi&quot;:&quot;text&quot;,&quot;telefon&quot;:&quot;text&quot;,&quot;ev_adresi&quot;:&quot;text&quot;,&quot;egitim_durumu&quot;:&quot;select&quot;,&quot;yabanci_dil&quot;:&quot;select&quot;,&quot;askerlik_durumu&quot;:&quot;select&quot;,&quot;seyahat_engeliniz_var_mi&quot;:&quot;select&quot;,&quot;sigara_kullaniyor_musunuz&quot;:&quot;select&quot;,&quot;adli_sicil_kaydiniz_var_mi&quot;:&quot;select&quot;,&quot;submit_1&quot;:&quot;submit&quot;},&quot;nonce_method&quot;:&quot;ajax&quot;}\"><form action=\"https:\/\/baycarambalaj.com\/en\/human-resources\/\" method=\"post\" class=\"fusion-form fusion-form-3097\"><div class=\"fusion-fullwidth fullwidth-box fusion-builder-row-2-1 fusion-flex-container has-pattern-background has-mask-background nonhundred-percent-fullwidth non-hundred-percent-height-scrolling\" style=\"--link_hover_color: #1b2e3c;--link_color: #1b2e3c;--awb-border-sizes-top:0px;--awb-border-sizes-bottom:0px;--awb-border-sizes-left:0px;--awb-border-sizes-right:0px;--awb-border-radius-top-left:0px;--awb-border-radius-top-right:0px;--awb-border-radius-bottom-right:0px;--awb-border-radius-bottom-left:0px;--awb-padding-top:0px;--awb-padding-right:310px;--awb-padding-bottom:0px;--awb-padding-left:100px;--awb-padding-right-small:0px;--awb-padding-left-small:0px;--awb-margin-top:0px;--awb-margin-bottom:0px;--awb-background-image:linear-gradient(180deg, #ffffff 0%,#ffffff 100%);--awb-flex-wrap:wrap;\" ><div class=\"fusion-builder-row fusion-row fusion-flex-align-items-center fusion-flex-justify-content-center fusion-flex-content-wrap\" style=\"width:104% !important;max-width:104% !important;margin-left: calc(-4% \/ 2 );margin-right: calc(-4% \/ 2 );\"><div class=\"fusion-layout-column fusion_builder_column fusion-builder-column-3 fusion_builder_column_1_2 1_2 fusion-flex-column fusion-flex-align-self-center\" style=\"--awb-padding-left:24px;--awb-padding-right-small:0px;--awb-padding-left-small:0px;--awb-bg-size:cover;--awb-width-large:50%;--awb-margin-top-large:0px;--awb-spacing-right-large:7.68%;--awb-margin-bottom-large:0px;--awb-spacing-left-large:0%;--awb-width-medium:50%;--awb-order-medium:0;--awb-spacing-right-medium:7.68%;--awb-spacing-left-medium:0%;--awb-width-small:100%;--awb-order-small:0;--awb-margin-top-small:0px;--awb-spacing-right-small:30px;--awb-spacing-left-small:30px;\"><div class=\"fusion-column-wrapper fusion-column-has-shadow fusion-flex-justify-content-center fusion-content-layout-column\"><div class=\"fusion-form-field fusion-form-text-field fusion-form-label-above\" style=\"\" data-form-id=\"3097\"><div class=\"fusion-form-label-wrapper\"><label for=\"adiniz\">Ad\u0131n\u0131z <abbr class=\"fusion-form-element-required\" title=\"required\">*<\/abbr><\/label><\/div><input type=\"text\" name=\"adiniz\" id=\"adiniz\" value=\"\"  class=\"fusion-form-input\" required=\"true\" aria-required=\"true\" data-holds-private-data=\"false\" minlength=\"0\"\/><\/div><div class=\"fusion-form-field fusion-form-text-field fusion-form-label-above\" style=\"\" data-form-id=\"3097\"><div class=\"fusion-form-label-wrapper\"><label for=\"soyadiniz\">Soyad\u0131n\u0131z <abbr class=\"fusion-form-element-required\" title=\"required\">*<\/abbr><\/label><\/div><input type=\"text\" name=\"soyadiniz\" id=\"soyadiniz\" value=\"\"  class=\"fusion-form-input\" required=\"true\" aria-required=\"true\" data-holds-private-data=\"false\" minlength=\"0\"\/><\/div><div class=\"fusion-form-field fusion-form-select-field fusion-form-label-above\" style=\"\" data-form-id=\"3097\"><label for=\"medeni_durum\">Medeni Durum<\/label><div class=\"fusion-select-wrapper\"><select tabindex=\"\" id=\"medeni_durum\" name=\"medeni_durum\" class=\"fusion-form-input\" data-holds-private-data=\"false\"><option value=\"\" disabled selected>Se\u00e7iniz<\/option><option value=\"Evli\" >Evli<\/option><option value=\"Bekar\" >Bekar<\/option><\/select><div class=\"select-arrow\"><svg width=\"12\" height=\"8\" viewBox=\"0 0 12 8\" fill=\"none\" xmlns=\"http:\/\/www.w3.org\/2000\/svg\"> <path d=\"M1.5 1.75L6 6.25L10.5 1.75\" stroke=\"#6D6D6D\" stroke-width=\"2\" stroke-linecap=\"round\" stroke-linejoin=\"round\"\/> <\/svg><\/div><\/div><\/div><\/div><\/div><div class=\"fusion-layout-column fusion_builder_column fusion-builder-column-4 fusion_builder_column_1_2 1_2 fusion-flex-column fusion-flex-align-self-center\" style=\"--awb-padding-left:24px;--awb-padding-left-small:0px;--awb-bg-size:cover;--awb-width-large:50%;--awb-margin-top-large:0px;--awb-spacing-right-large:7.68%;--awb-margin-bottom-large:0px;--awb-spacing-left-large:0%;--awb-width-medium:50%;--awb-order-medium:0;--awb-spacing-right-medium:7.68%;--awb-spacing-left-medium:0%;--awb-width-small:100%;--awb-order-small:0;--awb-margin-top-small:0px;--awb-spacing-right-small:30px;--awb-margin-bottom-small:0px;--awb-spacing-left-small:30px;\"><div class=\"fusion-column-wrapper fusion-column-has-shadow fusion-flex-justify-content-center fusion-content-layout-column\"><div class=\"fusion-form-field fusion-form-date-field fusion-form-label-above\" style=\"\" data-form-id=\"3097\"><label for=\"dogum_tarihi\">Do\u011fum Tarihi<\/label><input autocomplete=\"no\" type=\"date\" data-first-day=\"1\"  data-format=\"\" tabindex=\"\" id=\"dogum_tarihi\" name=\"dogum_tarihi\" data-type=\"custom\" value=\"\" data-holds-private-data=\"false\" class=\"fusion-form-input\"autocomplete=\"no\"\/><\/div><div class=\"fusion-form-field fusion-form-text-field fusion-form-label-above\" style=\"\" data-form-id=\"3097\"><div class=\"fusion-form-label-wrapper\"><label for=\"e-mail_adresi\">E-mail Adresi <abbr class=\"fusion-form-element-required\" title=\"required\">*<\/abbr><\/label><\/div><div class=\"fusion-form-input-with-icon\"><i class=\"awb-form-icon fa-envelope fas\"><\/i><input type=\"text\" name=\"e-mail_adresi\" id=\"e-mail_adresi\" value=\"\"  class=\"fusion-form-input\" required=\"true\" aria-required=\"true\" data-holds-private-data=\"false\" minlength=\"0\"\/><\/div><\/div><div class=\"fusion-form-field fusion-form-text-field fusion-form-label-above\" style=\"\" data-form-id=\"3097\"><div class=\"fusion-form-label-wrapper\"><label for=\"telefon\">Telefon <abbr class=\"fusion-form-element-required\" title=\"required\">*<\/abbr><\/label><\/div><div class=\"fusion-form-input-with-icon\"><i class=\"awb-form-icon fa-phone-alt fas\"><\/i><input type=\"text\" name=\"telefon\" id=\"telefon\" value=\"\"  class=\"fusion-form-input\" required=\"true\" aria-required=\"true\" data-holds-private-data=\"false\" minlength=\"0\"\/><\/div><\/div><\/div><\/div><div class=\"fusion-layout-column fusion_builder_column fusion-builder-column-5 fusion_builder_column_1_1 1_1 fusion-flex-column fusion-flex-align-self-center\" style=\"--awb-padding-left:24px;--awb-padding-left-small:0px;--awb-bg-size:cover;--awb-width-large:100%;--awb-margin-top-large:0px;--awb-spacing-right-large:3.84%;--awb-margin-bottom-large:0px;--awb-spacing-left-large:0%;--awb-width-medium:100%;--awb-order-medium:0;--awb-spacing-right-medium:3.84%;--awb-spacing-left-medium:0%;--awb-width-small:100%;--awb-order-small:0;--awb-spacing-right-small:30px;--awb-spacing-left-small:30px;\"><div class=\"fusion-column-wrapper fusion-column-has-shadow fusion-flex-justify-content-center fusion-content-layout-column\"><div class=\"fusion-form-field fusion-form-text-field fusion-form-label-above\" style=\"\" data-form-id=\"3097\"><div class=\"fusion-form-label-wrapper\"><label for=\"ev_adresi\">Ev Adresi <abbr class=\"fusion-form-element-required\" title=\"required\">*<\/abbr><\/label><\/div><input type=\"text\" name=\"ev_adresi\" id=\"ev_adresi\" value=\"\"  class=\"fusion-form-input\" required=\"true\" aria-required=\"true\" data-holds-private-data=\"false\" minlength=\"0\"\/><\/div><\/div><\/div><div class=\"fusion-layout-column fusion_builder_column fusion-builder-column-6 fusion_builder_column_1_2 1_2 fusion-flex-column fusion-flex-align-self-center\" style=\"--awb-padding-left:24px;--awb-padding-left-small:0px;--awb-bg-size:cover;--awb-width-large:50%;--awb-margin-top-large:0px;--awb-spacing-right-large:7.68%;--awb-margin-bottom-large:0px;--awb-spacing-left-large:0%;--awb-width-medium:50%;--awb-order-medium:0;--awb-spacing-right-medium:7.68%;--awb-spacing-left-medium:0%;--awb-width-small:100%;--awb-order-small:0;--awb-spacing-right-small:30px;--awb-spacing-left-small:30px;\"><div class=\"fusion-column-wrapper fusion-column-has-shadow fusion-flex-justify-content-center fusion-content-layout-column\"><div class=\"fusion-form-field fusion-form-select-field fusion-form-label-above\" style=\"\" data-form-id=\"3097\"><label for=\"egitim_durumu\">E\u011fitim Durumu<\/label><div class=\"fusion-select-wrapper\"><select tabindex=\"\" id=\"egitim_durumu\" name=\"egitim_durumu\" class=\"fusion-form-input\" data-holds-private-data=\"false\"><option value=\"\" disabled selected>Se\u00e7iniz<\/option><option value=\"\u0130lkokul\" >\u0130lkokul<\/option><option value=\"Lise\" >Lise<\/option><option value=\"\u00dcniversite\" >\u00dcniversite<\/option><option value=\"Y\u00fcksek Lisans\" >Y\u00fcksek Lisans<\/option><\/select><div class=\"select-arrow\"><svg width=\"12\" height=\"8\" viewBox=\"0 0 12 8\" fill=\"none\" xmlns=\"http:\/\/www.w3.org\/2000\/svg\"> <path d=\"M1.5 1.75L6 6.25L10.5 1.75\" stroke=\"#6D6D6D\" stroke-width=\"2\" stroke-linecap=\"round\" stroke-linejoin=\"round\"\/> <\/svg><\/div><\/div><\/div><div class=\"fusion-form-field fusion-form-select-field fusion-form-label-above\" style=\"\" data-form-id=\"3097\"><label for=\"yabanci_dil\">Yabanc\u0131 Dil<\/label><div class=\"fusion-select-wrapper\"><select tabindex=\"\" id=\"yabanci_dil\" name=\"yabanci_dil\" class=\"fusion-form-input\" data-holds-private-data=\"false\"><option value=\"\" disabled selected>Se\u00e7iniz<\/option><option value=\"Yunanca\" >Yunanca<\/option><option value=\"\u0130ngilizce\" >\u0130ngilizce<\/option><option value=\"Almanca\" >Almanca<\/option><option value=\"Frans\u0131zca\" >Frans\u0131zca<\/option><option value=\"Japonca\" >Japonca<\/option><option value=\"\u00c7ince\" >\u00c7ince<\/option><\/select><div class=\"select-arrow\"><svg width=\"12\" height=\"8\" viewBox=\"0 0 12 8\" fill=\"none\" xmlns=\"http:\/\/www.w3.org\/2000\/svg\"> <path d=\"M1.5 1.75L6 6.25L10.5 1.75\" stroke=\"#6D6D6D\" stroke-width=\"2\" stroke-linecap=\"round\" stroke-linejoin=\"round\"\/> <\/svg><\/div><\/div><\/div><div class=\"fusion-form-field fusion-form-select-field fusion-form-label-above\" style=\"\" data-form-id=\"3097\"><label for=\"askerlik_durumu\">Askerlik Durumu<\/label><div class=\"fusion-select-wrapper\"><select tabindex=\"\" id=\"askerlik_durumu\" name=\"askerlik_durumu\" class=\"fusion-form-input\" data-holds-private-data=\"false\"><option value=\"\" disabled selected>Se\u00e7iniz<\/option><option value=\"Muaf\" >Muaf<\/option><option value=\"Yap\u0131lmad\u0131\" >Yap\u0131lmad\u0131<\/option><option value=\"Tamamland\u0131\" >Tamamland\u0131<\/option><\/select><div class=\"select-arrow\"><svg width=\"12\" height=\"8\" viewBox=\"0 0 12 8\" fill=\"none\" xmlns=\"http:\/\/www.w3.org\/2000\/svg\"> <path d=\"M1.5 1.75L6 6.25L10.5 1.75\" stroke=\"#6D6D6D\" stroke-width=\"2\" stroke-linecap=\"round\" stroke-linejoin=\"round\"\/> <\/svg><\/div><\/div><\/div><\/div><\/div><div class=\"fusion-layout-column fusion_builder_column fusion-builder-column-7 fusion_builder_column_1_2 1_2 fusion-flex-column fusion-flex-align-self-center\" style=\"--awb-padding-left:24px;--awb-padding-left-small:0px;--awb-bg-size:cover;--awb-width-large:50%;--awb-margin-top-large:0px;--awb-spacing-right-large:7.68%;--awb-margin-bottom-large:0px;--awb-spacing-left-large:0%;--awb-width-medium:50%;--awb-order-medium:0;--awb-spacing-right-medium:7.68%;--awb-spacing-left-medium:0%;--awb-width-small:100%;--awb-order-small:0;--awb-spacing-right-small:30px;--awb-spacing-left-small:30px;\"><div class=\"fusion-column-wrapper fusion-column-has-shadow fusion-flex-justify-content-center fusion-content-layout-column\"><div class=\"fusion-form-field fusion-form-select-field fusion-form-label-above\" style=\"\" data-form-id=\"3097\"><label for=\"seyahat_engeliniz_var_mi\">Seyahat engeliniz var m\u0131?<\/label><div class=\"fusion-select-wrapper\"><select tabindex=\"\" id=\"seyahat_engeliniz_var_mi\" name=\"seyahat_engeliniz_var_mi\" class=\"fusion-form-input\" data-holds-private-data=\"false\"><option value=\"\" disabled selected>Se\u00e7iniz<\/option><option value=\"Evet\" >Evet<\/option><option value=\"Hay\u0131r\" >Hay\u0131r<\/option><\/select><div class=\"select-arrow\"><svg width=\"12\" height=\"8\" viewBox=\"0 0 12 8\" fill=\"none\" xmlns=\"http:\/\/www.w3.org\/2000\/svg\"> <path d=\"M1.5 1.75L6 6.25L10.5 1.75\" stroke=\"#6D6D6D\" stroke-width=\"2\" stroke-linecap=\"round\" stroke-linejoin=\"round\"\/> <\/svg><\/div><\/div><\/div><div class=\"fusion-form-field fusion-form-select-field fusion-form-label-above\" style=\"\" data-form-id=\"3097\"><label for=\"sigara_kullaniyor_musunuz\">Sigara kullan\u0131yor musunuz?<\/label><div class=\"fusion-select-wrapper\"><select tabindex=\"\" id=\"sigara_kullaniyor_musunuz\" name=\"sigara_kullaniyor_musunuz\" class=\"fusion-form-input\" data-holds-private-data=\"false\"><option value=\"\" disabled selected>Se\u00e7iniz<\/option><option value=\"Evet\" >Evet<\/option><option value=\"Hay\u0131r\" >Hay\u0131r<\/option><\/select><div class=\"select-arrow\"><svg width=\"12\" height=\"8\" viewBox=\"0 0 12 8\" fill=\"none\" xmlns=\"http:\/\/www.w3.org\/2000\/svg\"> <path d=\"M1.5 1.75L6 6.25L10.5 1.75\" stroke=\"#6D6D6D\" stroke-width=\"2\" stroke-linecap=\"round\" stroke-linejoin=\"round\"\/> <\/svg><\/div><\/div><\/div><div class=\"fusion-form-field fusion-form-select-field fusion-form-label-above\" style=\"\" data-form-id=\"3097\"><label for=\"adli_sicil_kaydiniz_var_mi\">Adli sicil kayd\u0131n\u0131z var m\u0131?<\/label><div class=\"fusion-select-wrapper\"><select tabindex=\"\" id=\"adli_sicil_kaydiniz_var_mi\" name=\"adli_sicil_kaydiniz_var_mi\" class=\"fusion-form-input\" data-holds-private-data=\"false\"><option value=\"\" disabled selected>Se\u00e7iniz<\/option><option value=\"Evet\" >Evet<\/option><option value=\"Hay\u0131r\" >Hay\u0131r<\/option><\/select><div class=\"select-arrow\"><svg width=\"12\" height=\"8\" viewBox=\"0 0 12 8\" fill=\"none\" xmlns=\"http:\/\/www.w3.org\/2000\/svg\"> <path d=\"M1.5 1.75L6 6.25L10.5 1.75\" stroke=\"#6D6D6D\" stroke-width=\"2\" stroke-linecap=\"round\" stroke-linejoin=\"round\"\/> <\/svg><\/div><\/div><\/div><\/div><\/div><div class=\"fusion-layout-column fusion_builder_column fusion-builder-column-8 fusion_builder_column_1_1 1_1 fusion-flex-column fusion-flex-align-self-center\" style=\"--awb-bg-size:cover;--awb-width-large:100%;--awb-margin-top-large:0px;--awb-spacing-right-large:0%;--awb-margin-bottom-large:0px;--awb-spacing-left-large:1.632%;--awb-width-medium:100%;--awb-order-medium:0;--awb-spacing-right-medium:0%;--awb-spacing-left-medium:1.632%;--awb-width-small:100%;--awb-order-small:0;--awb-spacing-right-small:30px;--awb-spacing-left-small:30px;\"><div class=\"fusion-column-wrapper fusion-column-has-shadow fusion-flex-justify-content-center fusion-content-layout-column\"><div class=\"fusion-form-field fusion-form-submit-field fusion-form-label-above\" style=\"\" data-form-id=\"3097\"><div class=\"sm-text-align-center\"><button type=\"submit\" class=\"fusion-button button-flat fusion-button-default-size button-custom fusion-button-default button-1 fusion-button-default-span  form-form-submit button-default\" style=\"--button_accent_color:var(--awb-color1);--button_accent_hover_color:var(--awb-color1);--button_border_hover_color:var(--awb-color1);--button-border-radius-top-left:0px;--button-border-radius-top-right:0px;--button-border-radius-bottom-right:0px;--button-border-radius-bottom-left:0px;--button_gradient_top_color:#1b2e3c;--button_gradient_bottom_color:#1b2e3c;--button_gradient_top_color_hover:#1b2e3c;--button_gradient_bottom_color_hover:#1b2e3c;\" data-form-number=\"3097\" tabindex=\"\"><span class=\"fusion-button-text\">G\u00f6nder<\/span><\/button><\/div><\/div><\/div><\/div><\/div><\/div><input type=\"hidden\" name=\"fusion_privacy_store_ip_ua\" value=\"false\"><input type=\"hidden\" name=\"fusion_privacy_expiration_interval\" value=\"48\"><input type=\"hidden\" name=\"privacy_expiration_action\" value=\"anonymize\"><\/form><\/div><\/div><\/div><\/div><\/div><\/p>\n","protected":false},"excerpt":{"rendered":"","protected":false},"author":1,"featured_media":0,"parent":0,"menu_order":0,"comment_status":"closed","ping_status":"closed","template":"100-width.php","meta":{"footnotes":""},"class_list":["post-4039","page","type-page","status-publish","hentry"],"aioseo_notices":[],"_links":{"self":[{"href":"https:\/\/baycarambalaj.com\/en\/wp-json\/wp\/v2\/pages\/4039","targetHints":{"allow":["GET"]}}],"collection":[{"href":"https:\/\/baycarambalaj.com\/en\/wp-json\/wp\/v2\/pages"}],"about":[{"href":"https:\/\/baycarambalaj.com\/en\/wp-json\/wp\/v2\/types\/page"}],"author":[{"embeddable":true,"href":"https:\/\/baycarambalaj.com\/en\/wp-json\/wp\/v2\/users\/1"}],"replies":[{"embeddable":true,"href":"https:\/\/baycarambalaj.com\/en\/wp-json\/wp\/v2\/comments?post=4039"}],"version-history":[{"count":0,"href":"https:\/\/baycarambalaj.com\/en\/wp-json\/wp\/v2\/pages\/4039\/revisions"}],"wp:attachment":[{"href":"https:\/\/baycarambalaj.com\/en\/wp-json\/wp\/v2\/media?parent=4039"}],"curies":[{"name":"wp","href":"https:\/\/api.w.org\/{rel}","templated":true}]}}